{"id":22,"date":"2024-04-16T13:11:34","date_gmt":"2024-04-16T13:11:34","guid":{"rendered":"https:\/\/ham-ad.dk\/?page_id=22"},"modified":"2025-05-16T15:28:34","modified_gmt":"2025-05-16T15:28:34","slug":"hjem","status":"publish","type":"page","link":"https:\/\/ham-ad.dk\/","title":{"rendered":"Hjem"},"content":{"rendered":"[et_pb_section admin_label=&#8221;section&#8221;]\n\t\t\t[et_pb_row admin_label=&#8221;row&#8221;]\n\t\t\t\t[et_pb_column type=&#8221;4_4&#8243;][et_pb_text admin_label=&#8221;Text&#8221;]\n<p><strong>HAM-AD Visuel kommunikation<\/strong> er et dedikeret kommunikationsbureau, der specialiserer sig i at skabe visuel kommunikation af h\u00f8j kvalitet. Vi arbejder passioneret med udvikling af visuel identitet, herunder logoer og guidelines, samt design af tryksager og udstillinger i alle st\u00f8rrelser og formater.\u00a0Derudover tilbyder vi ekspertise inden for digital visuel kommunikation. Med passion og pr\u00e6cision arbejder vi p\u00e5 at skabe l\u00f8sninger, der ikke blot opfylder, men ogs\u00e5 helst overg\u00e5r vores kunders forventninger.<\/p>\n[\/et_pb_text][\/et_pb_column]\n\t\t\t[\/et_pb_row]\n\t\t[\/et_pb_section]","protected":false},"excerpt":{"rendered":"<p>HAM-AD Visuel kommunikation er et dedikeret kommunikationsbureau, der specialiserer sig i at skabe visuel kommunikation af h\u00f8j kvalitet. Vi arbejder passioneret med udvikling af visuel identitet, herunder logoer og guidelines, samt design af tryksager og udstillinger i alle st\u00f8rrelser og formater.\u00a0Derudover tilbyder vi ekspertise inden for digital visuel kommunikation. Med passion og pr\u00e6cision arbejder vi [&hellip;]<\/p>\n","protected":false},"author":1,"featured_media":0,"parent":0,"menu_order":0,"comment_status":"closed","ping_status":"closed","template":"","meta":{"_et_pb_use_builder":"on","_et_pb_old_content":"<!-- wp:paragraph -->\n<p><strong>HAM-AD Visuel kommunikation<\/strong> er et dedikeret kommunikationsbureau, der specialiserer sig i at skabe visuel kommunikation af h\u00f8j kvalitet. Vi arbejder passioneret med udvikling af visuel identitet, herunder logoer og guidelines, samt design af tryksager og udstillinger i alle st\u00f8rrelser og formater.\u00a0Derudover tilbyder vi ekspertise inden for digital visuel kommunikation. Med passion og pr\u00e6cision arbejder vi p\u00e5 at skabe l\u00f8sninger, der ikke blot opfylder, men ogs\u00e5 helst overg\u00e5r vores kunders forventninger.<\/p>\n<!-- \/wp:paragraph -->","_et_gb_content_width":"","footnotes":""},"class_list":["post-22","page","type-page","status-publish","hentry"],"_links":{"self":[{"href":"https:\/\/ham-ad.dk\/index.php\/wp-json\/wp\/v2\/pages\/22","targetHints":{"allow":["GET"]}}],"collection":[{"href":"https:\/\/ham-ad.dk\/index.php\/wp-json\/wp\/v2\/pages"}],"about":[{"href":"https:\/\/ham-ad.dk\/index.php\/wp-json\/wp\/v2\/types\/page"}],"author":[{"embeddable":true,"href":"https:\/\/ham-ad.dk\/index.php\/wp-json\/wp\/v2\/users\/1"}],"replies":[{"embeddable":true,"href":"https:\/\/ham-ad.dk\/index.php\/wp-json\/wp\/v2\/comments?post=22"}],"version-history":[{"count":6,"href":"https:\/\/ham-ad.dk\/index.php\/wp-json\/wp\/v2\/pages\/22\/revisions"}],"predecessor-version":[{"id":116,"href":"https:\/\/ham-ad.dk\/index.php\/wp-json\/wp\/v2\/pages\/22\/revisions\/116"}],"wp:attachment":[{"href":"https:\/\/ham-ad.dk\/index.php\/wp-json\/wp\/v2\/media?parent=22"}],"curies":[{"name":"wp","href":"https:\/\/api.w.org\/{rel}","templated":true}]}}